{"id":102,"date":"2024-03-21T22:20:42","date_gmt":"2024-03-22T01:20:42","guid":{"rendered":"https:\/\/ellasmagazine.com.br\/ellasnovolante\/?page_id=102"},"modified":"2025-08-09T22:27:27","modified_gmt":"2025-08-10T01:27:27","slug":"politica-de-etica","status":"publish","type":"page","link":"https:\/\/ellasmagazine.com.br\/ellasnovolante\/politica-de-etica\/","title":{"rendered":"Pol\u00edtica de \u00c9tica"},"content":{"rendered":"\n<p>No <strong>Blog Motor<\/strong>, a confian\u00e7a \u00e9 o alicerce de tudo que fazemos. Nosso objetivo \u00e9 construir um relacionamento s\u00f3lido e transparente com nossos leitores, com base na qualidade e na paix\u00e3o pelo mundo automotivo.<\/p>\n\n\n\n<h4 class=\"wp-block-heading\">Nossos Princ\u00edpios Fundamentais<\/h4>\n\n\n\n<ul class=\"wp-block-list\">\n<li><strong>Veracidade e Precis\u00e3o:<\/strong> Nosso compromisso \u00e9 com a verdade e a precis\u00e3o das informa\u00e7\u00f5es. O conte\u00fado \u00e9 produzido com base na expertise de <strong>profissionais do setor<\/strong>, e cada informa\u00e7\u00e3o, dado e review \u00e9 verificado para evitar distor\u00e7\u00f5es ou exageros.<\/li>\n\n\n\n<li><strong>Transpar\u00eancia e Credibilidade:<\/strong> Acreditamos que a informa\u00e7\u00e3o de qualidade \u00e9 um direito de todos. Somos transparentes sobre a autoria dos nossos artigos e sobre nossas fontes, sempre dando o devido cr\u00e9dito aos colaboradores. Se um conte\u00fado for patrocinado, ele ser\u00e1 <strong>claramente identificado<\/strong>.<\/li>\n\n\n\n<li><strong>Independ\u00eancia:<\/strong> Nossa linha editorial \u00e9 independente de qualquer influ\u00eancia externa. N\u00e3o aceitamos press\u00f5es para alterar o conte\u00fado em favor de interesses comerciais espec\u00edficos.<\/li>\n\n\n\n<li><strong>Respeito e \u00c9tica:<\/strong> Mantemos altos padr\u00f5es \u00e9ticos em nossas publica\u00e7\u00f5es. Respeitamos a privacidade e a dignidade das pessoas e evitamos a dissemina\u00e7\u00e3o de informa\u00e7\u00f5es que possam causar danos.<\/li>\n<\/ul>\n\n\n\n<h4 class=\"wp-block-heading\">Nosso Compromisso com Voc\u00ea<\/h4>\n\n\n\n<p>Valorizamos imensamente sua colabora\u00e7\u00e3o para mantermos um alto padr\u00e3o \u00e9tico em nosso portal. Se voc\u00ea identificar qualquer viola\u00e7\u00e3o aos nossos princ\u00edpios ou encontrar alguma informa\u00e7\u00e3o imprecisa, por favor, entre em contato conosco.<\/p>\n\n\n\n<p>Estamos prontos para corrigir qualquer erro o mais r\u00e1pido poss\u00edvel, pois a sua confian\u00e7a \u00e9 a nossa prioridade.<\/p>\n","protected":false},"excerpt":{"rendered":"<p>No Blog Motor, a confian\u00e7a \u00e9 o alicerce de tudo que fazemos. Nosso objetivo \u00e9 construir um relacionamento s\u00f3lido e transparente com nossos leitores, com base na qualidade e na paix\u00e3o pelo mundo automotivo. Nossos Princ\u00edpios Fundamentais Nosso Compromisso com Voc\u00ea Valorizamos imensamente sua colabora\u00e7\u00e3o para mantermos um alto padr\u00e3o \u00e9tico em nosso portal. Se [&hellip;]<\/p>\n","protected":false},"author":1,"featured_media":0,"parent":0,"menu_order":0,"comment_status":"closed","ping_status":"closed","template":"","meta":{"footnotes":""},"class_list":["post-102","page","type-page","status-publish","hentry"],"_links":{"self":[{"href":"https:\/\/ellasmagazine.com.br\/ellasnovolante\/wp-json\/wp\/v2\/pages\/102","targetHints":{"allow":["GET"]}}],"collection":[{"href":"https:\/\/ellasmagazine.com.br\/ellasnovolante\/wp-json\/wp\/v2\/pages"}],"about":[{"href":"https:\/\/ellasmagazine.com.br\/ellasnovolante\/wp-json\/wp\/v2\/types\/page"}],"author":[{"embeddable":true,"href":"https:\/\/ellasmagazine.com.br\/ellasnovolante\/wp-json\/wp\/v2\/users\/1"}],"replies":[{"embeddable":true,"href":"https:\/\/ellasmagazine.com.br\/ellasnovolante\/wp-json\/wp\/v2\/comments?post=102"}],"version-history":[{"count":4,"href":"https:\/\/ellasmagazine.com.br\/ellasnovolante\/wp-json\/wp\/v2\/pages\/102\/revisions"}],"predecessor-version":[{"id":12649,"href":"https:\/\/ellasmagazine.com.br\/ellasnovolante\/wp-json\/wp\/v2\/pages\/102\/revisions\/12649"}],"wp:attachment":[{"href":"https:\/\/ellasmagazine.com.br\/ellasnovolante\/wp-json\/wp\/v2\/media?parent=102"}],"curies":[{"name":"wp","href":"https:\/\/api.w.org\/{rel}","templated":true}]}}