{"id":96,"date":"2024-03-21T22:13:34","date_gmt":"2024-03-22T01:13:34","guid":{"rendered":"https:\/\/ellasmagazine.com.br\/ellasnovolante\/?page_id=96"},"modified":"2026-04-24T15:28:34","modified_gmt":"2026-04-24T18:28:34","slug":"quem-somos","status":"publish","type":"page","link":"https:\/\/ellasmagazine.com.br\/ellasnovolante\/quem-somos\/","title":{"rendered":"Quem somos"},"content":{"rendered":"\n<p>O <strong>Ella&#8217;s Magazine<\/strong> \u00e9 um portal digital dedicado ao universo feminino, com um olhar atento para temas como moda, beleza, sa\u00fade, maternidade e bem-estar. \u00c9 um projeto da  <a href=\"https:\/\/msha.ke\/cfilla\" target=\"_blank\" rel=\"noreferrer noopener\"><strong>CFILLA<\/strong><\/a><strong>(CNPJ: 47.923.569\/0001-92)<\/strong> com o objetivo de gerar conte\u00fado inspirador e de alta qualidade, feito por especialistas que entendem a fundo os assuntos que abordam.<\/p>\n\n\n\n<h3 class=\"wp-block-heading\">Conhe\u00e7a Nossa Equipe<\/h3>\n\n\n\n<p>Nossa equipe editorial \u00e9 formada por profissionais, cada um com uma especialidade para enriquecer sua jornada de descoberta e autoexpress\u00e3o.<\/p>\n\n\n\n<ul class=\"wp-block-list\">\n<li><strong>Maira Moraes (Beleza e Maternidade):<\/strong> Maquiadora e especialista em est\u00e9tica e cosmetologia, <a href=\"https:\/\/www.instagram.com\/soumaira_rep\/\" target=\"_blank\" rel=\"noreferrer noopener\">Maira compartilha dicas de beleza e maternidade<\/a> com foco na experi\u00eancia pr\u00e1tica e t\u00e9cnica refinada. <strong>O conte\u00fado de maternidade \u00e9 informativo e n\u00e3o substitui a consulta a um m\u00e9dico ou pediatra.<\/strong><\/li>\n\n\n\n<li><strong><a href=\"https:\/\/www.instagram.com\/clasap30\/?hl=pt\" target=\"_blank\" rel=\"noreferrer noopener\">Clara Mendes<\/a> (Moda e Estilo):<\/strong> Especialista em moda e estilo pessoal, formada em Design de Moda. Suas mat\u00e9rias v\u00e3o al\u00e9m das tend\u00eancias, inspirando leitoras a se expressarem com confian\u00e7a e autenticidade.<\/li>\n\n\n\n<li><strong>Renata Oliveira (Cultura Pop e M\u00eddia):<\/strong> <a href=\"https:\/\/br.linkedin.com\/in\/renata-oliveira-do-prado\" target=\"_blank\" rel=\"noreferrer noopener\">Social Media e cr\u00edtica de cultura pop<\/a>. Com trajet\u00f3ria em grandes portais de entretenimento, ela traz uma vis\u00e3o divertida e cr\u00edtica sobre os bastidores da fama.<\/li>\n\n\n\n<li><strong><a href=\"https:\/\/www.instagram.com\/beatrizcastrope\/\" target=\"_blank\" rel=\"noreferrer noopener\">Beatriz Castro<\/a>:<\/strong> Estudiosa e pesquisadora do inconsciente. Com linguagem acess\u00edvel, ela desvenda o significado de sonhos e simbologias de tatuagens, transformando temas abstratos em insights valiosos para a vida cotidiana.<\/li>\n\n\n\n<li><strong>Suzana Machado:<\/strong> M\u00e3e, educadora e apaixonada por animais. <strong>Suzana<\/strong> acredita que o cuidado e a empatia s\u00e3o as bases de qualquer desenvolvimento saud\u00e1vel. <a href=\"https:\/\/www.linkedin.com\/in\/suzana-machado-dos-santos-filla-7744ba66\/\" target=\"_blank\" rel=\"noopener\">Formada em Administra\u00e7\u00e3o e Pedagogia<\/a>, ela hoje leciona e dedica seu tempo ao universo infantil e \u00e0 prote\u00e7\u00e3o animal. No Ellas Magazine, Suzana transforma sua viv\u00eancia em sala de aula e sua sensibilidade de tutora em textos acolhedores sobre comportamento, maternidade e pets.<\/li>\n<\/ul>\n\n\n\n<h3 class=\"wp-block-heading\">Nossa Linha Editorial e Compromisso<\/h3>\n\n\n\n<p>O Ella&#8217;s Magazine possui fins <strong>exclusivamente editoriais<\/strong>. Nosso conte\u00fado \u00e9 produzido de forma independente, com o compromisso de trazer informa\u00e7\u00f5es confi\u00e1veis e relevantes, <strong>sem v\u00ednculo com interesses comerciais<\/strong> de marcas. A autoria de cada postagem reflete o conhecimento e a expertise de nossos colaboradores, garantindo a credibilidade e a autenticidade de nosso portal.<\/p>\n\n\n\n<p>Para mais detalhes sobre nosso rigor, consulte nossos documentos oficiais: <strong><a href=\"https:\/\/ellasmagazine.com.br\/politica-de-privacidade\/\" data-type=\"page\" data-id=\"13526\">Pol\u00edtica de Privacidade<\/a> <\/strong><\/p>\n","protected":false},"excerpt":{"rendered":"<p>O Ella&#8217;s Magazine \u00e9 um portal digital dedicado ao universo feminino, com um olhar atento para temas como moda, beleza, sa\u00fade, maternidade e bem-estar. \u00c9 um projeto da CFILLA(CNPJ: 47.923.569\/0001-92) com o objetivo de gerar conte\u00fado inspirador e de alta qualidade, feito por especialistas que entendem a fundo os assuntos que abordam. Conhe\u00e7a Nossa Equipe [&hellip;]<\/p>\n","protected":false},"author":1,"featured_media":0,"parent":0,"menu_order":0,"comment_status":"closed","ping_status":"closed","template":"","meta":{"footnotes":""},"class_list":["post-96","page","type-page","status-publish","hentry"],"_links":{"self":[{"href":"https:\/\/ellasmagazine.com.br\/ellasnovolante\/wp-json\/wp\/v2\/pages\/96","targetHints":{"allow":["GET"]}}],"collection":[{"href":"https:\/\/ellasmagazine.com.br\/ellasnovolante\/wp-json\/wp\/v2\/pages"}],"about":[{"href":"https:\/\/ellasmagazine.com.br\/ellasnovolante\/wp-json\/wp\/v2\/types\/page"}],"author":[{"embeddable":true,"href":"https:\/\/ellasmagazine.com.br\/ellasnovolante\/wp-json\/wp\/v2\/users\/1"}],"replies":[{"embeddable":true,"href":"https:\/\/ellasmagazine.com.br\/ellasnovolante\/wp-json\/wp\/v2\/comments?post=96"}],"version-history":[{"count":17,"href":"https:\/\/ellasmagazine.com.br\/ellasnovolante\/wp-json\/wp\/v2\/pages\/96\/revisions"}],"predecessor-version":[{"id":13656,"href":"https:\/\/ellasmagazine.com.br\/ellasnovolante\/wp-json\/wp\/v2\/pages\/96\/revisions\/13656"}],"wp:attachment":[{"href":"https:\/\/ellasmagazine.com.br\/ellasnovolante\/wp-json\/wp\/v2\/media?parent=96"}],"curies":[{"name":"wp","href":"https:\/\/api.w.org\/{rel}","templated":true}]}}